{"id":71,"date":"2023-03-13T17:48:55","date_gmt":"2023-03-13T16:48:55","guid":{"rendered":"https:\/\/residencialalmabeach.com\/about\/"},"modified":"2023-03-22T11:57:41","modified_gmt":"2023-03-22T10:57:41","slug":"quienes-somos","status":"publish","type":"page","link":"https:\/\/residencialalmabeach.com\/en\/quienes-somos\/","title":{"rendered":"Quienes somos"},"content":{"rendered":"<div data-elementor-type=\"wp-page\" data-elementor-id=\"71\" class=\"elementor elementor-71\">\n\t\t\t\t\t\t<section class=\"elementor-section elementor-top-section elementor-element elementor-element-1949bc56 elementor-section-full_width elementor-section-height-default elementor-section-height-default\" data-id=\"1949bc56\" data-element_type=\"section\">\n\t\t\t\t\t\t<div class=\"elementor-container elementor-column-gap-default\">\n\t\t\t\t\t<div class=\"elementor-column elementor-col-50 elementor-top-column elementor-element elementor-element-6110d42d\" data-id=\"6110d42d\" data-element_type=\"column\">\n\t\t\t<div class=\"elementor-widget-wrap elementor-element-populated\">\n\t\t\t\t\t\t<div class=\"elementor-element elementor-element-53f0be95 elementor-widget elementor-widget-heading\" data-id=\"53f0be95\" data-element_type=\"widget\" data-widget_type=\"heading.default\">\n\t\t\t\t<div class=\"elementor-widget-container\">\n\t\t\t<h1 class=\"elementor-heading-title elementor-size-default\">constructora <b>grupo molino<\/b><\/h1>\t\t<\/div>\n\t\t\t\t<\/div>\n\t\t\t\t\t<\/div>\n\t\t<\/div>\n\t\t\t\t<div class=\"elementor-column elementor-col-50 elementor-top-column elementor-element elementor-element-4f2ae81d\" data-id=\"4f2ae81d\" data-element_type=\"column\">\n\t\t\t<div class=\"elementor-widget-wrap elementor-element-populated\">\n\t\t\t\t\t\t<div class=\"elementor-element elementor-element-38faf88c elementor-widget elementor-widget-text-editor\" data-id=\"38faf88c\" data-element_type=\"widget\" data-widget_type=\"text-editor.default\">\n\t\t\t\t<div class=\"elementor-widget-container\">\n\t\t\t\t\t\t\t<p>\u00a1Bienvenidos a <strong>MANUMOL<\/strong>, la promotora detr\u00e1s de las impresionantes viviendas en Torrox! y que pertenece a <strong>GRUPO MOLINO<\/strong>. Somos una empresa constructora con ra\u00edces profundas en la provincia de Granada. Desde que Molino y Vueltas <strong>fue fundada en 1989<\/strong>, hemos llevado a cabo innumerables proyectos inmobiliarios en la zona, convirti\u00e9ndonos en un <strong>referente en el sector<\/strong>.<\/p><p>A lo largo de los a\u00f1os, hemos diversificado nuestros negocios en otros sectores, pero siempre hemos mantenido nuestra esencia constructora. Es por eso que nuestras viviendas son reconocidas por su calidad, dise\u00f1o y durabilidad. Creemos que cada proyecto que llevamos a cabo debe reflejar nuestro compromiso con la excelencia, y eso se ve en cada detalle de nuestras viviendas.<\/p><p>En MANUMOL, estamos comprometidos con <strong>la satisfacci\u00f3n de nuestros clientes<\/strong>. Nos tomamos el tiempo para entender sus necesidades y deseos, y trabajamos incansablemente para asegurarnos de que cada vivienda se adapte perfectamente a sus necesidades. Queremos que se sientan orgullosos de su nuevo hogar, y estamos aqu\u00ed para hacer realidad ese sue\u00f1o.<\/p><p>Nuestro <strong>enfoque moderno<\/strong> en el dise\u00f1o y la construcci\u00f3n nos permite crear viviendas \u00fanicas y contempor\u00e1neas que se destacan en el mercado. Nos encanta experimentar con nuevos materiales y t\u00e9cnicas de construcci\u00f3n para ofrecer<strong> soluciones innovadoras y sostenibles<\/strong>. Adem\u00e1s, nuestra promoci\u00f3n de viviendas en Torrox est\u00e1 ubicada en un lugar privilegiado, rodeado de hermosos paisajes y una gran oferta de servicios para el disfrute de sus habitantes.<\/p>\t\t\t\t\t\t<\/div>\n\t\t\t\t<\/div>\n\t\t\t\t\t<\/div>\n\t\t<\/div>\n\t\t\t\t\t<\/div>\n\t\t<\/section>\n\t\t\t\t<section class=\"elementor-section elementor-top-section elementor-element elementor-element-674efbdc elementor-section-full_width elementor-section-height-default elementor-section-height-default\" data-id=\"674efbdc\" data-element_type=\"section\">\n\t\t\t\t\t\t<div class=\"elementor-container elementor-column-gap-default\">\n\t\t\t\t\t<div class=\"elementor-column elementor-col-100 elementor-top-column elementor-element elementor-element-549f8cf2\" data-id=\"549f8cf2\" data-element_type=\"column\">\n\t\t\t<div class=\"elementor-widget-wrap elementor-element-populated\">\n\t\t\t\t\t\t<div class=\"elementor-element elementor-element-1e8dc299 elementor-widget elementor-widget-image\" data-id=\"1e8dc299\" data-element_type=\"widget\" data-settings=\"{&quot;motion_fx_motion_fx_scrolling&quot;:&quot;yes&quot;,&quot;motion_fx_devices&quot;:[&quot;desktop&quot;,&quot;tablet&quot;,&quot;mobile&quot;]}\" data-widget_type=\"image.default\">\n\t\t\t\t<div class=\"elementor-widget-container\">\n\t\t\t\t\t\t\t\t\t\t\t\t\t<img fetchpriority=\"high\" decoding=\"async\" width=\"1516\" height=\"635\" src=\"https:\/\/residencialalmabeach.com\/wp-content\/uploads\/fachada-molino-y-vueltas.jpg\" class=\"attachment-full size-full wp-image-261\" alt=\"Grupo Molino\" srcset=\"https:\/\/residencialalmabeach.com\/wp-content\/uploads\/fachada-molino-y-vueltas.jpg 1516w, https:\/\/residencialalmabeach.com\/wp-content\/uploads\/fachada-molino-y-vueltas-300x126.jpg 300w, https:\/\/residencialalmabeach.com\/wp-content\/uploads\/fachada-molino-y-vueltas-1024x429.jpg 1024w, https:\/\/residencialalmabeach.com\/wp-content\/uploads\/fachada-molino-y-vueltas-150x63.jpg 150w, https:\/\/residencialalmabeach.com\/wp-content\/uploads\/fachada-molino-y-vueltas-768x322.jpg 768w\" sizes=\"(max-width: 1516px) 100vw, 1516px\" \/>\t\t\t\t\t\t\t\t\t\t\t\t\t<\/div>\n\t\t\t\t<\/div>\n\t\t\t\t\t<\/div>\n\t\t<\/div>\n\t\t\t\t\t<\/div>\n\t\t<\/section>\n\t\t\t\t<\/div>","protected":false},"excerpt":{"rendered":"<p>constructora grupo molino \u00a1Bienvenidos a MANUMOL, la promotora detr\u00e1s de las impresionantes viviendas en Torrox! y que pertenece a GRUPO MOLINO. Somos una empresa constructora con ra\u00edces profundas en la provincia de Granada. Desde que Molino y Vueltas fue fundada en 1989, hemos llevado a cabo innumerables proyectos inmobiliarios en la zona, convirti\u00e9ndonos en un [&hellip;]<\/p>","protected":false},"author":1,"featured_media":284,"parent":0,"menu_order":0,"comment_status":"closed","ping_status":"closed","template":"elementor_header_footer","meta":{"_monsterinsights_skip_tracking":false,"_monsterinsights_sitenote_active":false,"_monsterinsights_sitenote_note":"","_monsterinsights_sitenote_category":0,"footnotes":""},"class_list":["post-71","page","type-page","status-publish","has-post-thumbnail","hentry"],"_links":{"self":[{"href":"https:\/\/residencialalmabeach.com\/en\/wp-json\/wp\/v2\/pages\/71"}],"collection":[{"href":"https:\/\/residencialalmabeach.com\/en\/wp-json\/wp\/v2\/pages"}],"about":[{"href":"https:\/\/residencialalmabeach.com\/en\/wp-json\/wp\/v2\/types\/page"}],"author":[{"embeddable":true,"href":"https:\/\/residencialalmabeach.com\/en\/wp-json\/wp\/v2\/users\/1"}],"replies":[{"embeddable":true,"href":"https:\/\/residencialalmabeach.com\/en\/wp-json\/wp\/v2\/comments?post=71"}],"version-history":[{"count":17,"href":"https:\/\/residencialalmabeach.com\/en\/wp-json\/wp\/v2\/pages\/71\/revisions"}],"predecessor-version":[{"id":482,"href":"https:\/\/residencialalmabeach.com\/en\/wp-json\/wp\/v2\/pages\/71\/revisions\/482"}],"wp:featuredmedia":[{"embeddable":true,"href":"https:\/\/residencialalmabeach.com\/en\/wp-json\/wp\/v2\/media\/284"}],"wp:attachment":[{"href":"https:\/\/residencialalmabeach.com\/en\/wp-json\/wp\/v2\/media?parent=71"}],"curies":[{"name":"wp","href":"https:\/\/api.w.org\/{rel}","templated":true}]}}